{"id":11808,"date":"2021-05-10T10:06:51","date_gmt":"2021-05-10T01:06:51","guid":{"rendered":"https:\/\/ahnsahnghong.com\/about\/"},"modified":"2025-02-25T15:29:20","modified_gmt":"2025-02-25T06:29:20","slug":"about","status":"publish","type":"page","link":"https:\/\/ahnsahnghong.com\/cs\/about\/","title":{"rendered":"\u00davod"},"content":{"rendered":"","protected":false},"excerpt":{"rendered":"","protected":false},"author":9,"featured_media":11809,"parent":0,"menu_order":0,"comment_status":"closed","ping_status":"closed","template":"","meta":{"footnotes":""},"tags":[669],"class_list":["post-11808","page","type-page","status-publish","has-post-thumbnail","hentry","tag-ahnsahnghong"],"yoast_head":"<!-- This site is optimized with the Yoast SEO plugin v25.0 - https:\/\/yoast.com\/wordpress\/plugins\/seo\/ -->\n<title>\u00davod - Kristus Ansanghong<\/title>\n<meta name=\"description\" content=\"Kristus Ansanghong (1918\u20131985) se narodil v Korejsk\u00e9 republice v roce 1918 a byl pok\u0159t\u011bn v roce 1948. K\u00e1zal novou smlouvu po dobu 37 let p\u0159esn\u011b tak, jak to bylo prorokov\u00e1no v Bibli.\" \/>\n<meta name=\"robots\" content=\"index, follow, max-snippet:-1, max-image-preview:large, max-video-preview:-1\" \/>\n<link rel=\"canonical\" href=\"https:\/\/ahnsahnghong.com\/cs\/about\/\" \/>\n<meta property=\"og:locale\" content=\"cs_CZ\" \/>\n<meta property=\"og:type\" content=\"article\" \/>\n<meta property=\"og:title\" content=\"\u00davod - Kristus Ansanghong\" \/>\n<meta property=\"og:description\" content=\"Kristus Ansanghong (1918\u20131985) se narodil v Korejsk\u00e9 republice v roce 1918 a byl pok\u0159t\u011bn v roce 1948. K\u00e1zal novou smlouvu po dobu 37 let p\u0159esn\u011b tak, jak to bylo prorokov\u00e1no v Bibli.\" \/>\n<meta property=\"og:url\" content=\"https:\/\/ahnsahnghong.com\/cs\/about\/\" \/>\n<meta property=\"og:site_name\" content=\"Kristus Ansanghong\" \/>\n<meta property=\"article:modified_time\" content=\"2025-02-25T06:29:20+00:00\" \/>\n<meta property=\"og:image\" content=\"https:\/\/ahnsahnghong.com\/wp-content\/uploads\/2021\/08\/sns_thum_intro@2x.jpg\" \/>\n\t<meta property=\"og:image:width\" content=\"1200\" \/>\n\t<meta property=\"og:image:height\" content=\"630\" \/>\n\t<meta property=\"og:image:type\" content=\"image\/jpeg\" \/>\n<meta name=\"twitter:card\" content=\"summary_large_image\" \/>\n<meta name=\"twitter:title\" content=\"\uc18c\uac1c - \uadf8\ub9ac\uc2a4\ub3c4 \uc548\uc0c1\ud64d\ub2d8\" \/>\n<meta name=\"twitter:description\" content=\"\uc548\uc0c1\ud64d\ub2d8(1918~1985\ub144)\uc740 \uc131\uacbd\uc758 \uc608\uc5b8\uc744 \ub530\ub77c 1918\ub144 \ub300\ud55c\ubbfc\uad6d\uc5d0\uc11c \ud0c4\uc0dd, 1948\ub144 \uce68\ub840\ub97c \ubc1b\uace0 37\ub144 \ub3d9\uc548 \uc0c8 \uc5b8\uc57d\uc744 \uc804\ud30c\ud558\uc600\ub2e4.\" \/>\n<meta name=\"twitter:image\" content=\"https:\/\/ahnsahnghong.com\/wp-content\/uploads\/2021\/08\/sns_thum_intro@2x.jpg\" \/>\n<script type=\"application\/ld+json\" class=\"yoast-schema-graph\">{\"@context\":\"https:\/\/schema.org\",\"@graph\":[{\"@type\":\"WebPage\",\"@id\":\"https:\/\/ahnsahnghong.com\/cs\/about\/\",\"url\":\"https:\/\/ahnsahnghong.com\/cs\/about\/\",\"name\":\"\u00davod - Kristus Ansanghong\",\"isPartOf\":{\"@id\":\"https:\/\/ahnsahnghong.com\/#website\"},\"primaryImageOfPage\":{\"@id\":\"https:\/\/ahnsahnghong.com\/cs\/about\/#primaryimage\"},\"image\":{\"@id\":\"https:\/\/ahnsahnghong.com\/cs\/about\/#primaryimage\"},\"thumbnailUrl\":\"https:\/\/ahnsahnghong.com\/wp-content\/uploads\/2021\/08\/sns_thum_intro@2x.jpg\",\"datePublished\":\"2021-05-10T01:06:51+00:00\",\"dateModified\":\"2025-02-25T06:29:20+00:00\",\"description\":\"Kristus Ansanghong (1918\u20131985) se narodil v Korejsk\u00e9 republice v roce 1918 a byl pok\u0159t\u011bn v roce 1948. K\u00e1zal novou smlouvu po dobu 37 let p\u0159esn\u011b tak, jak to bylo prorokov\u00e1no v Bibli.\",\"breadcrumb\":{\"@id\":\"https:\/\/ahnsahnghong.com\/cs\/about\/#breadcrumb\"},\"inLanguage\":\"cs\",\"potentialAction\":[{\"@type\":\"ReadAction\",\"target\":[\"https:\/\/ahnsahnghong.com\/cs\/about\/\"]}]},{\"@type\":\"ImageObject\",\"inLanguage\":\"cs\",\"@id\":\"https:\/\/ahnsahnghong.com\/cs\/about\/#primaryimage\",\"url\":\"https:\/\/ahnsahnghong.com\/wp-content\/uploads\/2021\/08\/sns_thum_intro@2x.jpg\",\"contentUrl\":\"https:\/\/ahnsahnghong.com\/wp-content\/uploads\/2021\/08\/sns_thum_intro@2x.jpg\",\"width\":1200,\"height\":630},{\"@type\":\"BreadcrumbList\",\"@id\":\"https:\/\/ahnsahnghong.com\/cs\/about\/#breadcrumb\",\"itemListElement\":[{\"@type\":\"ListItem\",\"position\":1,\"name\":\"Home\",\"item\":\"https:\/\/ahnsahnghong.com\/cs\/\"},{\"@type\":\"ListItem\",\"position\":2,\"name\":\"\u00davod\"}]},{\"@type\":\"WebSite\",\"@id\":\"https:\/\/ahnsahnghong.com\/#website\",\"url\":\"https:\/\/ahnsahnghong.com\/\",\"name\":\"Kristus Ansanghong\",\"description\":\"\uacf5\uc2dd \uc6f9\uc0ac\uc774\ud2b8\",\"publisher\":{\"@id\":\"https:\/\/ahnsahnghong.com\/#organization\"},\"potentialAction\":[{\"@type\":\"SearchAction\",\"target\":{\"@type\":\"EntryPoint\",\"urlTemplate\":\"https:\/\/ahnsahnghong.com\/?s={search_term_string}\"},\"query-input\":{\"@type\":\"PropertyValueSpecification\",\"valueRequired\":true,\"valueName\":\"search_term_string\"}}],\"inLanguage\":\"cs\"},{\"@type\":\"Organization\",\"@id\":\"https:\/\/ahnsahnghong.com\/#organization\",\"name\":\"World Mission Society Church of God - \ud558\ub098\ub2d8\uc758\uad50\ud68c \uc138\uacc4\ubcf5\uc74c\uc120\uad50\ud611\ud68c\",\"url\":\"https:\/\/ahnsahnghong.com\/\",\"logo\":{\"@type\":\"ImageObject\",\"inLanguage\":\"cs\",\"@id\":\"https:\/\/ahnsahnghong.com\/#\/schema\/logo\/image\/\",\"url\":\"https:\/\/ahnsahnghong.com\/wp-content\/uploads\/2021\/08\/WorldMissionSociety_ChurchofGod_Symbol_Logo.png\",\"contentUrl\":\"https:\/\/ahnsahnghong.com\/wp-content\/uploads\/2021\/08\/WorldMissionSociety_ChurchofGod_Symbol_Logo.png\",\"width\":1001,\"height\":1331,\"caption\":\"World Mission Society Church of God - \ud558\ub098\ub2d8\uc758\uad50\ud68c \uc138\uacc4\ubcf5\uc74c\uc120\uad50\ud611\ud68c\"},\"image\":{\"@id\":\"https:\/\/ahnsahnghong.com\/#\/schema\/logo\/image\/\"},\"sameAs\":[\"https:\/\/www.youtube.com\/WMSCOGTV\"]}]}<\/script>\n<!-- \/ Yoast SEO plugin. -->","yoast_head_json":{"title":"\u00davod - Kristus Ansanghong","description":"Kristus Ansanghong (1918\u20131985) se narodil v Korejsk\u00e9 republice v roce 1918 a byl pok\u0159t\u011bn v roce 1948. K\u00e1zal novou smlouvu po dobu 37 let p\u0159esn\u011b tak, jak to bylo prorokov\u00e1no v Bibli.","robots":{"index":"index","follow":"follow","max-snippet":"max-snippet:-1","max-image-preview":"max-image-preview:large","max-video-preview":"max-video-preview:-1"},"canonical":"https:\/\/ahnsahnghong.com\/cs\/about\/","og_locale":"cs_CZ","og_type":"article","og_title":"\u00davod - Kristus Ansanghong","og_description":"Kristus Ansanghong (1918\u20131985) se narodil v Korejsk\u00e9 republice v roce 1918 a byl pok\u0159t\u011bn v roce 1948. K\u00e1zal novou smlouvu po dobu 37 let p\u0159esn\u011b tak, jak to bylo prorokov\u00e1no v Bibli.","og_url":"https:\/\/ahnsahnghong.com\/cs\/about\/","og_site_name":"Kristus Ansanghong","article_modified_time":"2025-02-25T06:29:20+00:00","og_image":[{"width":1200,"height":630,"url":"https:\/\/ahnsahnghong.com\/wp-content\/uploads\/2021\/08\/sns_thum_intro@2x.jpg","type":"image\/jpeg"}],"twitter_card":"summary_large_image","twitter_title":"\uc18c\uac1c - \uadf8\ub9ac\uc2a4\ub3c4 \uc548\uc0c1\ud64d\ub2d8","twitter_description":"\uc548\uc0c1\ud64d\ub2d8(1918~1985\ub144)\uc740 \uc131\uacbd\uc758 \uc608\uc5b8\uc744 \ub530\ub77c 1918\ub144 \ub300\ud55c\ubbfc\uad6d\uc5d0\uc11c \ud0c4\uc0dd, 1948\ub144 \uce68\ub840\ub97c \ubc1b\uace0 37\ub144 \ub3d9\uc548 \uc0c8 \uc5b8\uc57d\uc744 \uc804\ud30c\ud558\uc600\ub2e4.","twitter_image":"https:\/\/ahnsahnghong.com\/wp-content\/uploads\/2021\/08\/sns_thum_intro@2x.jpg","schema":{"@context":"https:\/\/schema.org","@graph":[{"@type":"WebPage","@id":"https:\/\/ahnsahnghong.com\/cs\/about\/","url":"https:\/\/ahnsahnghong.com\/cs\/about\/","name":"\u00davod - Kristus Ansanghong","isPartOf":{"@id":"https:\/\/ahnsahnghong.com\/#website"},"primaryImageOfPage":{"@id":"https:\/\/ahnsahnghong.com\/cs\/about\/#primaryimage"},"image":{"@id":"https:\/\/ahnsahnghong.com\/cs\/about\/#primaryimage"},"thumbnailUrl":"https:\/\/ahnsahnghong.com\/wp-content\/uploads\/2021\/08\/sns_thum_intro@2x.jpg","datePublished":"2021-05-10T01:06:51+00:00","dateModified":"2025-02-25T06:29:20+00:00","description":"Kristus Ansanghong (1918\u20131985) se narodil v Korejsk\u00e9 republice v roce 1918 a byl pok\u0159t\u011bn v roce 1948. K\u00e1zal novou smlouvu po dobu 37 let p\u0159esn\u011b tak, jak to bylo prorokov\u00e1no v Bibli.","breadcrumb":{"@id":"https:\/\/ahnsahnghong.com\/cs\/about\/#breadcrumb"},"inLanguage":"cs","potentialAction":[{"@type":"ReadAction","target":["https:\/\/ahnsahnghong.com\/cs\/about\/"]}]},{"@type":"ImageObject","inLanguage":"cs","@id":"https:\/\/ahnsahnghong.com\/cs\/about\/#primaryimage","url":"https:\/\/ahnsahnghong.com\/wp-content\/uploads\/2021\/08\/sns_thum_intro@2x.jpg","contentUrl":"https:\/\/ahnsahnghong.com\/wp-content\/uploads\/2021\/08\/sns_thum_intro@2x.jpg","width":1200,"height":630},{"@type":"BreadcrumbList","@id":"https:\/\/ahnsahnghong.com\/cs\/about\/#breadcrumb","itemListElement":[{"@type":"ListItem","position":1,"name":"Home","item":"https:\/\/ahnsahnghong.com\/cs\/"},{"@type":"ListItem","position":2,"name":"\u00davod"}]},{"@type":"WebSite","@id":"https:\/\/ahnsahnghong.com\/#website","url":"https:\/\/ahnsahnghong.com\/","name":"Kristus Ansanghong","description":"\uacf5\uc2dd \uc6f9\uc0ac\uc774\ud2b8","publisher":{"@id":"https:\/\/ahnsahnghong.com\/#organization"},"potentialAction":[{"@type":"SearchAction","target":{"@type":"EntryPoint","urlTemplate":"https:\/\/ahnsahnghong.com\/?s={search_term_string}"},"query-input":{"@type":"PropertyValueSpecification","valueRequired":true,"valueName":"search_term_string"}}],"inLanguage":"cs"},{"@type":"Organization","@id":"https:\/\/ahnsahnghong.com\/#organization","name":"World Mission Society Church of God - \ud558\ub098\ub2d8\uc758\uad50\ud68c \uc138\uacc4\ubcf5\uc74c\uc120\uad50\ud611\ud68c","url":"https:\/\/ahnsahnghong.com\/","logo":{"@type":"ImageObject","inLanguage":"cs","@id":"https:\/\/ahnsahnghong.com\/#\/schema\/logo\/image\/","url":"https:\/\/ahnsahnghong.com\/wp-content\/uploads\/2021\/08\/WorldMissionSociety_ChurchofGod_Symbol_Logo.png","contentUrl":"https:\/\/ahnsahnghong.com\/wp-content\/uploads\/2021\/08\/WorldMissionSociety_ChurchofGod_Symbol_Logo.png","width":1001,"height":1331,"caption":"World Mission Society Church of God - \ud558\ub098\ub2d8\uc758\uad50\ud68c \uc138\uacc4\ubcf5\uc74c\uc120\uad50\ud611\ud68c"},"image":{"@id":"https:\/\/ahnsahnghong.com\/#\/schema\/logo\/image\/"},"sameAs":["https:\/\/www.youtube.com\/WMSCOGTV"]}]}},"_links":{"self":[{"href":"https:\/\/ahnsahnghong.com\/cs\/wp-json\/wp\/v2\/pages\/11808","targetHints":{"allow":["GET"]}}],"collection":[{"href":"https:\/\/ahnsahnghong.com\/cs\/wp-json\/wp\/v2\/pages"}],"about":[{"href":"https:\/\/ahnsahnghong.com\/cs\/wp-json\/wp\/v2\/types\/page"}],"author":[{"embeddable":true,"href":"https:\/\/ahnsahnghong.com\/cs\/wp-json\/wp\/v2\/users\/9"}],"replies":[{"embeddable":true,"href":"https:\/\/ahnsahnghong.com\/cs\/wp-json\/wp\/v2\/comments?post=11808"}],"version-history":[{"count":2,"href":"https:\/\/ahnsahnghong.com\/cs\/wp-json\/wp\/v2\/pages\/11808\/revisions"}],"predecessor-version":[{"id":11837,"href":"https:\/\/ahnsahnghong.com\/cs\/wp-json\/wp\/v2\/pages\/11808\/revisions\/11837"}],"wp:featuredmedia":[{"embeddable":true,"href":"https:\/\/ahnsahnghong.com\/cs\/wp-json\/wp\/v2\/media\/11809"}],"wp:attachment":[{"href":"https:\/\/ahnsahnghong.com\/cs\/wp-json\/wp\/v2\/media?parent=11808"}],"wp:term":[{"taxonomy":"post_tag","embeddable":true,"href":"https:\/\/ahnsahnghong.com\/cs\/wp-json\/wp\/v2\/tags?post=11808"}],"curies":[{"name":"wp","href":"https:\/\/api.w.org\/{rel}","templated":true}]}}