{"id":7640,"date":"2021-05-10T10:06:51","date_gmt":"2021-05-10T01:06:51","guid":{"rendered":"https:\/\/ahnsahnghong.com\/about\/"},"modified":"2023-04-28T20:54:44","modified_gmt":"2023-04-28T11:54:44","slug":"about","status":"publish","type":"page","link":"https:\/\/ahnsahnghong.com\/pt\/about\/","title":{"rendered":"Introdu\u00e7\u00e3o"},"content":{"rendered":"","protected":false},"excerpt":{"rendered":"","protected":false},"author":9,"featured_media":7287,"parent":0,"menu_order":0,"comment_status":"closed","ping_status":"closed","template":"","meta":{"footnotes":""},"tags":[502],"class_list":["post-7640","page","type-page","status-publish","has-post-thumbnail","hentry","tag-ahnsahnghong"],"yoast_head":"<!-- This site is optimized with the Yoast SEO plugin v25.0 - https:\/\/yoast.com\/wordpress\/plugins\/seo\/ -->\n<title>Introdu\u00e7\u00e3o - Cristo Ahnsahnghong<\/title>\n<meta name=\"description\" content=\"O Senhor Ahnsahnghong (1918-1985) nasceu na Rep\u00fablica da Coreia em 1918 e foi batizado em 1948. Ele pregou a Nova Alian\u00e7a por 37 anos, assim como foi profetizado na B\u00edblia.\" \/>\n<meta name=\"robots\" content=\"index, follow, max-snippet:-1, max-image-preview:large, max-video-preview:-1\" \/>\n<link rel=\"canonical\" href=\"https:\/\/ahnsahnghong.com\/pt\/about\/\" \/>\n<meta property=\"og:locale\" content=\"pt_BR\" \/>\n<meta property=\"og:type\" content=\"article\" \/>\n<meta property=\"og:title\" content=\"Introdu\u00e7\u00e3o - Christ Ahnsahnghong\" \/>\n<meta property=\"og:description\" content=\"O Senhor Ahnsahnghong (1918-1985) nasceu na Rep\u00fablica da Coreia em 1918 e foi batizado em 1948. Ele pregou a Nova Alian\u00e7a por 37 anos, assim como foi profetizado na B\u00edblia.\" \/>\n<meta property=\"og:url\" content=\"https:\/\/ahnsahnghong.com\/pt\/about\/\" \/>\n<meta property=\"og:site_name\" content=\"Cristo Ahnsahnghong\" \/>\n<meta property=\"article:modified_time\" content=\"2023-04-28T11:54:44+00:00\" \/>\n<meta property=\"og:image\" content=\"https:\/\/ahnsahnghong.com\/wp-content\/uploads\/2021\/08\/sns_thum_intro@2x.jpg\" \/>\n\t<meta property=\"og:image:width\" content=\"1200\" \/>\n\t<meta property=\"og:image:height\" content=\"630\" \/>\n\t<meta property=\"og:image:type\" content=\"image\/jpeg\" \/>\n<meta name=\"twitter:card\" content=\"summary_large_image\" \/>\n<meta name=\"twitter:title\" content=\"Introdu\u00e7\u00e3o - Christ Ahnsahnghong\" \/>\n<meta name=\"twitter:description\" content=\"O Senhor Ahnsahnghong (1918-1985) nasceu na Rep\u00fablica da Coreia em 1918 e foi batizado em 1948. Ele pregou a Nova Alian\u00e7a por 37 anos, assim como foi profetizado na B\u00edblia.\" \/>\n<meta name=\"twitter:image\" content=\"https:\/\/ahnsahnghong.com\/wp-content\/uploads\/2021\/08\/sns_thum_intro@2x.jpg\" \/>\n<script type=\"application\/ld+json\" class=\"yoast-schema-graph\">{\"@context\":\"https:\/\/schema.org\",\"@graph\":[{\"@type\":\"WebPage\",\"@id\":\"https:\/\/ahnsahnghong.com\/pt\/about\/\",\"url\":\"https:\/\/ahnsahnghong.com\/pt\/about\/\",\"name\":\"Introdu\u00e7\u00e3o - Cristo Ahnsahnghong\",\"isPartOf\":{\"@id\":\"https:\/\/ahnsahnghong.com\/#website\"},\"primaryImageOfPage\":{\"@id\":\"https:\/\/ahnsahnghong.com\/pt\/about\/#primaryimage\"},\"image\":{\"@id\":\"https:\/\/ahnsahnghong.com\/pt\/about\/#primaryimage\"},\"thumbnailUrl\":\"https:\/\/ahnsahnghong.com\/wp-content\/uploads\/2021\/08\/sns_thum_intro@2x.jpg\",\"datePublished\":\"2021-05-10T01:06:51+00:00\",\"dateModified\":\"2023-04-28T11:54:44+00:00\",\"description\":\"O Senhor Ahnsahnghong (1918-1985) nasceu na Rep\u00fablica da Coreia em 1918 e foi batizado em 1948. Ele pregou a Nova Alian\u00e7a por 37 anos, assim como foi profetizado na B\u00edblia.\",\"breadcrumb\":{\"@id\":\"https:\/\/ahnsahnghong.com\/pt\/about\/#breadcrumb\"},\"inLanguage\":\"pt-BR\",\"potentialAction\":[{\"@type\":\"ReadAction\",\"target\":[\"https:\/\/ahnsahnghong.com\/pt\/about\/\"]}]},{\"@type\":\"ImageObject\",\"inLanguage\":\"pt-BR\",\"@id\":\"https:\/\/ahnsahnghong.com\/pt\/about\/#primaryimage\",\"url\":\"https:\/\/ahnsahnghong.com\/wp-content\/uploads\/2021\/08\/sns_thum_intro@2x.jpg\",\"contentUrl\":\"https:\/\/ahnsahnghong.com\/wp-content\/uploads\/2021\/08\/sns_thum_intro@2x.jpg\",\"width\":1200,\"height\":630},{\"@type\":\"BreadcrumbList\",\"@id\":\"https:\/\/ahnsahnghong.com\/pt\/about\/#breadcrumb\",\"itemListElement\":[{\"@type\":\"ListItem\",\"position\":1,\"name\":\"Home\",\"item\":\"https:\/\/ahnsahnghong.com\/pt\/\"},{\"@type\":\"ListItem\",\"position\":2,\"name\":\"Introdu\u00e7\u00e3o\"}]},{\"@type\":\"WebSite\",\"@id\":\"https:\/\/ahnsahnghong.com\/#website\",\"url\":\"https:\/\/ahnsahnghong.com\/\",\"name\":\"Cristo Ahnsahnghong\",\"description\":\"\uacf5\uc2dd \uc6f9\uc0ac\uc774\ud2b8\",\"publisher\":{\"@id\":\"https:\/\/ahnsahnghong.com\/#organization\"},\"potentialAction\":[{\"@type\":\"SearchAction\",\"target\":{\"@type\":\"EntryPoint\",\"urlTemplate\":\"https:\/\/ahnsahnghong.com\/?s={search_term_string}\"},\"query-input\":{\"@type\":\"PropertyValueSpecification\",\"valueRequired\":true,\"valueName\":\"search_term_string\"}}],\"inLanguage\":\"pt-BR\"},{\"@type\":\"Organization\",\"@id\":\"https:\/\/ahnsahnghong.com\/#organization\",\"name\":\"World Mission Society Church of God - \ud558\ub098\ub2d8\uc758\uad50\ud68c \uc138\uacc4\ubcf5\uc74c\uc120\uad50\ud611\ud68c\",\"url\":\"https:\/\/ahnsahnghong.com\/\",\"logo\":{\"@type\":\"ImageObject\",\"inLanguage\":\"pt-BR\",\"@id\":\"https:\/\/ahnsahnghong.com\/#\/schema\/logo\/image\/\",\"url\":\"https:\/\/ahnsahnghong.com\/wp-content\/uploads\/2021\/08\/WorldMissionSociety_ChurchofGod_Symbol_Logo.png\",\"contentUrl\":\"https:\/\/ahnsahnghong.com\/wp-content\/uploads\/2021\/08\/WorldMissionSociety_ChurchofGod_Symbol_Logo.png\",\"width\":1001,\"height\":1331,\"caption\":\"World Mission Society Church of God - \ud558\ub098\ub2d8\uc758\uad50\ud68c \uc138\uacc4\ubcf5\uc74c\uc120\uad50\ud611\ud68c\"},\"image\":{\"@id\":\"https:\/\/ahnsahnghong.com\/#\/schema\/logo\/image\/\"},\"sameAs\":[\"https:\/\/www.youtube.com\/WMSCOGTV\"]}]}<\/script>\n<!-- \/ Yoast SEO plugin. -->","yoast_head_json":{"title":"Introdu\u00e7\u00e3o - Cristo Ahnsahnghong","description":"O Senhor Ahnsahnghong (1918-1985) nasceu na Rep\u00fablica da Coreia em 1918 e foi batizado em 1948. Ele pregou a Nova Alian\u00e7a por 37 anos, assim como foi profetizado na B\u00edblia.","robots":{"index":"index","follow":"follow","max-snippet":"max-snippet:-1","max-image-preview":"max-image-preview:large","max-video-preview":"max-video-preview:-1"},"canonical":"https:\/\/ahnsahnghong.com\/pt\/about\/","og_locale":"pt_BR","og_type":"article","og_title":"Introdu\u00e7\u00e3o - Christ Ahnsahnghong","og_description":"O Senhor Ahnsahnghong (1918-1985) nasceu na Rep\u00fablica da Coreia em 1918 e foi batizado em 1948. Ele pregou a Nova Alian\u00e7a por 37 anos, assim como foi profetizado na B\u00edblia.","og_url":"https:\/\/ahnsahnghong.com\/pt\/about\/","og_site_name":"Cristo Ahnsahnghong","article_modified_time":"2023-04-28T11:54:44+00:00","og_image":[{"width":1200,"height":630,"url":"https:\/\/ahnsahnghong.com\/wp-content\/uploads\/2021\/08\/sns_thum_intro@2x.jpg","type":"image\/jpeg"}],"twitter_card":"summary_large_image","twitter_title":"Introdu\u00e7\u00e3o - Christ Ahnsahnghong","twitter_description":"O Senhor Ahnsahnghong (1918-1985) nasceu na Rep\u00fablica da Coreia em 1918 e foi batizado em 1948. Ele pregou a Nova Alian\u00e7a por 37 anos, assim como foi profetizado na B\u00edblia.","twitter_image":"https:\/\/ahnsahnghong.com\/wp-content\/uploads\/2021\/08\/sns_thum_intro@2x.jpg","schema":{"@context":"https:\/\/schema.org","@graph":[{"@type":"WebPage","@id":"https:\/\/ahnsahnghong.com\/pt\/about\/","url":"https:\/\/ahnsahnghong.com\/pt\/about\/","name":"Introdu\u00e7\u00e3o - Cristo Ahnsahnghong","isPartOf":{"@id":"https:\/\/ahnsahnghong.com\/#website"},"primaryImageOfPage":{"@id":"https:\/\/ahnsahnghong.com\/pt\/about\/#primaryimage"},"image":{"@id":"https:\/\/ahnsahnghong.com\/pt\/about\/#primaryimage"},"thumbnailUrl":"https:\/\/ahnsahnghong.com\/wp-content\/uploads\/2021\/08\/sns_thum_intro@2x.jpg","datePublished":"2021-05-10T01:06:51+00:00","dateModified":"2023-04-28T11:54:44+00:00","description":"O Senhor Ahnsahnghong (1918-1985) nasceu na Rep\u00fablica da Coreia em 1918 e foi batizado em 1948. Ele pregou a Nova Alian\u00e7a por 37 anos, assim como foi profetizado na B\u00edblia.","breadcrumb":{"@id":"https:\/\/ahnsahnghong.com\/pt\/about\/#breadcrumb"},"inLanguage":"pt-BR","potentialAction":[{"@type":"ReadAction","target":["https:\/\/ahnsahnghong.com\/pt\/about\/"]}]},{"@type":"ImageObject","inLanguage":"pt-BR","@id":"https:\/\/ahnsahnghong.com\/pt\/about\/#primaryimage","url":"https:\/\/ahnsahnghong.com\/wp-content\/uploads\/2021\/08\/sns_thum_intro@2x.jpg","contentUrl":"https:\/\/ahnsahnghong.com\/wp-content\/uploads\/2021\/08\/sns_thum_intro@2x.jpg","width":1200,"height":630},{"@type":"BreadcrumbList","@id":"https:\/\/ahnsahnghong.com\/pt\/about\/#breadcrumb","itemListElement":[{"@type":"ListItem","position":1,"name":"Home","item":"https:\/\/ahnsahnghong.com\/pt\/"},{"@type":"ListItem","position":2,"name":"Introdu\u00e7\u00e3o"}]},{"@type":"WebSite","@id":"https:\/\/ahnsahnghong.com\/#website","url":"https:\/\/ahnsahnghong.com\/","name":"Cristo Ahnsahnghong","description":"\uacf5\uc2dd \uc6f9\uc0ac\uc774\ud2b8","publisher":{"@id":"https:\/\/ahnsahnghong.com\/#organization"},"potentialAction":[{"@type":"SearchAction","target":{"@type":"EntryPoint","urlTemplate":"https:\/\/ahnsahnghong.com\/?s={search_term_string}"},"query-input":{"@type":"PropertyValueSpecification","valueRequired":true,"valueName":"search_term_string"}}],"inLanguage":"pt-BR"},{"@type":"Organization","@id":"https:\/\/ahnsahnghong.com\/#organization","name":"World Mission Society Church of God - \ud558\ub098\ub2d8\uc758\uad50\ud68c \uc138\uacc4\ubcf5\uc74c\uc120\uad50\ud611\ud68c","url":"https:\/\/ahnsahnghong.com\/","logo":{"@type":"ImageObject","inLanguage":"pt-BR","@id":"https:\/\/ahnsahnghong.com\/#\/schema\/logo\/image\/","url":"https:\/\/ahnsahnghong.com\/wp-content\/uploads\/2021\/08\/WorldMissionSociety_ChurchofGod_Symbol_Logo.png","contentUrl":"https:\/\/ahnsahnghong.com\/wp-content\/uploads\/2021\/08\/WorldMissionSociety_ChurchofGod_Symbol_Logo.png","width":1001,"height":1331,"caption":"World Mission Society Church of God - \ud558\ub098\ub2d8\uc758\uad50\ud68c \uc138\uacc4\ubcf5\uc74c\uc120\uad50\ud611\ud68c"},"image":{"@id":"https:\/\/ahnsahnghong.com\/#\/schema\/logo\/image\/"},"sameAs":["https:\/\/www.youtube.com\/WMSCOGTV"]}]}},"_links":{"self":[{"href":"https:\/\/ahnsahnghong.com\/pt\/wp-json\/wp\/v2\/pages\/7640","targetHints":{"allow":["GET"]}}],"collection":[{"href":"https:\/\/ahnsahnghong.com\/pt\/wp-json\/wp\/v2\/pages"}],"about":[{"href":"https:\/\/ahnsahnghong.com\/pt\/wp-json\/wp\/v2\/types\/page"}],"author":[{"embeddable":true,"href":"https:\/\/ahnsahnghong.com\/pt\/wp-json\/wp\/v2\/users\/9"}],"replies":[{"embeddable":true,"href":"https:\/\/ahnsahnghong.com\/pt\/wp-json\/wp\/v2\/comments?post=7640"}],"version-history":[{"count":2,"href":"https:\/\/ahnsahnghong.com\/pt\/wp-json\/wp\/v2\/pages\/7640\/revisions"}],"predecessor-version":[{"id":8436,"href":"https:\/\/ahnsahnghong.com\/pt\/wp-json\/wp\/v2\/pages\/7640\/revisions\/8436"}],"wp:featuredmedia":[{"embeddable":true,"href":"https:\/\/ahnsahnghong.com\/pt\/wp-json\/wp\/v2\/media\/7287"}],"wp:attachment":[{"href":"https:\/\/ahnsahnghong.com\/pt\/wp-json\/wp\/v2\/media?parent=7640"}],"wp:term":[{"taxonomy":"post_tag","embeddable":true,"href":"https:\/\/ahnsahnghong.com\/pt\/wp-json\/wp\/v2\/tags?post=7640"}],"curies":[{"name":"wp","href":"https:\/\/api.w.org\/{rel}","templated":true}]}}