{"id":7642,"date":"2021-02-07T14:41:11","date_gmt":"2021-02-07T05:41:11","guid":{"rendered":"https:\/\/ahnsahnghong.com\/home\/"},"modified":"2023-05-03T20:00:58","modified_gmt":"2023-05-03T11:00:58","slug":"home","status":"publish","type":"page","link":"https:\/\/ahnsahnghong.com\/pt\/","title":{"rendered":"Site Oficial de Cristo Ahnsahnghong"},"content":{"rendered":"","protected":false},"excerpt":{"rendered":"","protected":false},"author":9,"featured_media":7285,"parent":0,"menu_order":0,"comment_status":"closed","ping_status":"closed","template":"","meta":{"footnotes":""},"tags":[],"class_list":["post-7642","page","type-page","status-publish","has-post-thumbnail","hentry"],"yoast_head":"<!-- This site is optimized with the Yoast SEO plugin v25.0 - https:\/\/yoast.com\/wordpress\/plugins\/seo\/ -->\n<title>Site Oficial de Cristo Ahnsahnghong<\/title>\n<meta name=\"description\" content=\"Senhor Ahnsahnghong \u00e9 o Cristo que veio pela segunda vez e restaurou a Nova Alian\u00e7a de acordo com as profecias da B\u00edblia. Ele abriu o caminho da salva\u00e7\u00e3o ao estabelecer a Igreja de Deus, que \u00e9 os arqu\u00e9tipos da igreja primitiva, e Deus M\u00e3e.\" \/>\n<meta name=\"robots\" content=\"index, follow, max-snippet:-1, max-image-preview:large, max-video-preview:-1\" \/>\n<link rel=\"canonical\" href=\"https:\/\/ahnsahnghong.com\/pt\/\" \/>\n<meta property=\"og:locale\" content=\"pt_BR\" \/>\n<meta property=\"og:type\" content=\"article\" \/>\n<meta property=\"og:title\" content=\"Cristo Ahnsahnghong\" \/>\n<meta property=\"og:description\" content=\"Senhor Ahnsahnghong \u00e9 o Cristo que veio pela segunda vez e restaurou a Nova Alian\u00e7a de acordo com as profecias da B\u00edblia. Ele abriu o caminho da salva\u00e7\u00e3o ao estabelecer a Igreja de Deus, que \u00e9 os arqu\u00e9tipos da igreja primitiva, e Deus M\u00e3e.\" \/>\n<meta property=\"og:url\" content=\"https:\/\/ahnsahnghong.com\/pt\/\" \/>\n<meta property=\"og:site_name\" content=\"Cristo Ahnsahnghong\" \/>\n<meta property=\"article:modified_time\" content=\"2023-05-03T11:00:58+00:00\" \/>\n<meta property=\"og:image\" content=\"https:\/\/ahnsahnghong.com\/wp-content\/uploads\/2021\/08\/sns_thum@2x.jpg\" \/>\n\t<meta property=\"og:image:width\" content=\"1200\" \/>\n\t<meta property=\"og:image:height\" content=\"630\" \/>\n\t<meta property=\"og:image:type\" content=\"image\/jpeg\" \/>\n<meta name=\"twitter:card\" content=\"summary_large_image\" \/>\n<meta name=\"twitter:title\" content=\"Cristo Ahnsahnghong\" \/>\n<meta name=\"twitter:description\" content=\"Senhor Ahnsahnghong \u00e9 o Cristo que veio pela segunda vez e restaurou a Nova Alian\u00e7a de acordo com as profecias da B\u00edblia. Ele abriu o caminho da salva\u00e7\u00e3o ao estabelecer a Igreja de Deus, que \u00e9 os arqu\u00e9tipos da igreja primitiva, e Deus M\u00e3e.\" \/>\n<meta name=\"twitter:image\" content=\"https:\/\/ahnsahnghong.com\/wp-content\/uploads\/2021\/08\/sns_thum@2x.jpg\" \/>\n<script type=\"application\/ld+json\" class=\"yoast-schema-graph\">{\"@context\":\"https:\/\/schema.org\",\"@graph\":[{\"@type\":\"WebPage\",\"@id\":\"https:\/\/ahnsahnghong.com\/pt\/\",\"url\":\"https:\/\/ahnsahnghong.com\/pt\/\",\"name\":\"Site Oficial de Cristo Ahnsahnghong\",\"isPartOf\":{\"@id\":\"https:\/\/ahnsahnghong.com\/#website\"},\"primaryImageOfPage\":{\"@id\":\"https:\/\/ahnsahnghong.com\/pt\/#primaryimage\"},\"image\":{\"@id\":\"https:\/\/ahnsahnghong.com\/pt\/#primaryimage\"},\"thumbnailUrl\":\"https:\/\/ahnsahnghong.com\/wp-content\/uploads\/2021\/08\/sns_thum@2x.jpg\",\"datePublished\":\"2021-02-07T05:41:11+00:00\",\"dateModified\":\"2023-05-03T11:00:58+00:00\",\"description\":\"Senhor Ahnsahnghong \u00e9 o Cristo que veio pela segunda vez e restaurou a Nova Alian\u00e7a de acordo com as profecias da B\u00edblia. Ele abriu o caminho da salva\u00e7\u00e3o ao estabelecer a Igreja de Deus, que \u00e9 os arqu\u00e9tipos da igreja primitiva, e Deus M\u00e3e.\",\"breadcrumb\":{\"@id\":\"https:\/\/ahnsahnghong.com\/pt\/#breadcrumb\"},\"inLanguage\":\"pt-BR\",\"potentialAction\":[{\"@type\":\"ReadAction\",\"target\":[\"https:\/\/ahnsahnghong.com\/pt\/\"]}]},{\"@type\":\"ImageObject\",\"inLanguage\":\"pt-BR\",\"@id\":\"https:\/\/ahnsahnghong.com\/pt\/#primaryimage\",\"url\":\"https:\/\/ahnsahnghong.com\/wp-content\/uploads\/2021\/08\/sns_thum@2x.jpg\",\"contentUrl\":\"https:\/\/ahnsahnghong.com\/wp-content\/uploads\/2021\/08\/sns_thum@2x.jpg\",\"width\":1200,\"height\":630},{\"@type\":\"BreadcrumbList\",\"@id\":\"https:\/\/ahnsahnghong.com\/pt\/#breadcrumb\",\"itemListElement\":[{\"@type\":\"ListItem\",\"position\":1,\"name\":\"Home\",\"item\":\"https:\/\/ahnsahnghong.com\/pt\/\"},{\"@type\":\"ListItem\",\"position\":2,\"name\":\"Site Oficial de Cristo Ahnsahnghong\"}]},{\"@type\":\"WebSite\",\"@id\":\"https:\/\/ahnsahnghong.com\/#website\",\"url\":\"https:\/\/ahnsahnghong.com\/\",\"name\":\"Cristo Ahnsahnghong\",\"description\":\"\uacf5\uc2dd \uc6f9\uc0ac\uc774\ud2b8\",\"publisher\":{\"@id\":\"https:\/\/ahnsahnghong.com\/#organization\"},\"potentialAction\":[{\"@type\":\"SearchAction\",\"target\":{\"@type\":\"EntryPoint\",\"urlTemplate\":\"https:\/\/ahnsahnghong.com\/?s={search_term_string}\"},\"query-input\":{\"@type\":\"PropertyValueSpecification\",\"valueRequired\":true,\"valueName\":\"search_term_string\"}}],\"inLanguage\":\"pt-BR\"},{\"@type\":\"Organization\",\"@id\":\"https:\/\/ahnsahnghong.com\/#organization\",\"name\":\"World Mission Society Church of God - \ud558\ub098\ub2d8\uc758\uad50\ud68c \uc138\uacc4\ubcf5\uc74c\uc120\uad50\ud611\ud68c\",\"url\":\"https:\/\/ahnsahnghong.com\/\",\"logo\":{\"@type\":\"ImageObject\",\"inLanguage\":\"pt-BR\",\"@id\":\"https:\/\/ahnsahnghong.com\/#\/schema\/logo\/image\/\",\"url\":\"https:\/\/ahnsahnghong.com\/wp-content\/uploads\/2021\/08\/WorldMissionSociety_ChurchofGod_Symbol_Logo.png\",\"contentUrl\":\"https:\/\/ahnsahnghong.com\/wp-content\/uploads\/2021\/08\/WorldMissionSociety_ChurchofGod_Symbol_Logo.png\",\"width\":1001,\"height\":1331,\"caption\":\"World Mission Society Church of God - \ud558\ub098\ub2d8\uc758\uad50\ud68c \uc138\uacc4\ubcf5\uc74c\uc120\uad50\ud611\ud68c\"},\"image\":{\"@id\":\"https:\/\/ahnsahnghong.com\/#\/schema\/logo\/image\/\"},\"sameAs\":[\"https:\/\/www.youtube.com\/WMSCOGTV\"]}]}<\/script>\n<!-- \/ Yoast SEO plugin. -->","yoast_head_json":{"title":"Site Oficial de Cristo Ahnsahnghong","description":"Senhor Ahnsahnghong \u00e9 o Cristo que veio pela segunda vez e restaurou a Nova Alian\u00e7a de acordo com as profecias da B\u00edblia. Ele abriu o caminho da salva\u00e7\u00e3o ao estabelecer a Igreja de Deus, que \u00e9 os arqu\u00e9tipos da igreja primitiva, e Deus M\u00e3e.","robots":{"index":"index","follow":"follow","max-snippet":"max-snippet:-1","max-image-preview":"max-image-preview:large","max-video-preview":"max-video-preview:-1"},"canonical":"https:\/\/ahnsahnghong.com\/pt\/","og_locale":"pt_BR","og_type":"article","og_title":"Cristo Ahnsahnghong","og_description":"Senhor Ahnsahnghong \u00e9 o Cristo que veio pela segunda vez e restaurou a Nova Alian\u00e7a de acordo com as profecias da B\u00edblia. Ele abriu o caminho da salva\u00e7\u00e3o ao estabelecer a Igreja de Deus, que \u00e9 os arqu\u00e9tipos da igreja primitiva, e Deus M\u00e3e.","og_url":"https:\/\/ahnsahnghong.com\/pt\/","og_site_name":"Cristo Ahnsahnghong","article_modified_time":"2023-05-03T11:00:58+00:00","og_image":[{"width":1200,"height":630,"url":"https:\/\/ahnsahnghong.com\/wp-content\/uploads\/2021\/08\/sns_thum@2x.jpg","type":"image\/jpeg"}],"twitter_card":"summary_large_image","twitter_title":"Cristo Ahnsahnghong","twitter_description":"Senhor Ahnsahnghong \u00e9 o Cristo que veio pela segunda vez e restaurou a Nova Alian\u00e7a de acordo com as profecias da B\u00edblia. Ele abriu o caminho da salva\u00e7\u00e3o ao estabelecer a Igreja de Deus, que \u00e9 os arqu\u00e9tipos da igreja primitiva, e Deus M\u00e3e.","twitter_image":"https:\/\/ahnsahnghong.com\/wp-content\/uploads\/2021\/08\/sns_thum@2x.jpg","schema":{"@context":"https:\/\/schema.org","@graph":[{"@type":"WebPage","@id":"https:\/\/ahnsahnghong.com\/pt\/","url":"https:\/\/ahnsahnghong.com\/pt\/","name":"Site Oficial de Cristo Ahnsahnghong","isPartOf":{"@id":"https:\/\/ahnsahnghong.com\/#website"},"primaryImageOfPage":{"@id":"https:\/\/ahnsahnghong.com\/pt\/#primaryimage"},"image":{"@id":"https:\/\/ahnsahnghong.com\/pt\/#primaryimage"},"thumbnailUrl":"https:\/\/ahnsahnghong.com\/wp-content\/uploads\/2021\/08\/sns_thum@2x.jpg","datePublished":"2021-02-07T05:41:11+00:00","dateModified":"2023-05-03T11:00:58+00:00","description":"Senhor Ahnsahnghong \u00e9 o Cristo que veio pela segunda vez e restaurou a Nova Alian\u00e7a de acordo com as profecias da B\u00edblia. Ele abriu o caminho da salva\u00e7\u00e3o ao estabelecer a Igreja de Deus, que \u00e9 os arqu\u00e9tipos da igreja primitiva, e Deus M\u00e3e.","breadcrumb":{"@id":"https:\/\/ahnsahnghong.com\/pt\/#breadcrumb"},"inLanguage":"pt-BR","potentialAction":[{"@type":"ReadAction","target":["https:\/\/ahnsahnghong.com\/pt\/"]}]},{"@type":"ImageObject","inLanguage":"pt-BR","@id":"https:\/\/ahnsahnghong.com\/pt\/#primaryimage","url":"https:\/\/ahnsahnghong.com\/wp-content\/uploads\/2021\/08\/sns_thum@2x.jpg","contentUrl":"https:\/\/ahnsahnghong.com\/wp-content\/uploads\/2021\/08\/sns_thum@2x.jpg","width":1200,"height":630},{"@type":"BreadcrumbList","@id":"https:\/\/ahnsahnghong.com\/pt\/#breadcrumb","itemListElement":[{"@type":"ListItem","position":1,"name":"Home","item":"https:\/\/ahnsahnghong.com\/pt\/"},{"@type":"ListItem","position":2,"name":"Site Oficial de Cristo Ahnsahnghong"}]},{"@type":"WebSite","@id":"https:\/\/ahnsahnghong.com\/#website","url":"https:\/\/ahnsahnghong.com\/","name":"Cristo Ahnsahnghong","description":"\uacf5\uc2dd \uc6f9\uc0ac\uc774\ud2b8","publisher":{"@id":"https:\/\/ahnsahnghong.com\/#organization"},"potentialAction":[{"@type":"SearchAction","target":{"@type":"EntryPoint","urlTemplate":"https:\/\/ahnsahnghong.com\/?s={search_term_string}"},"query-input":{"@type":"PropertyValueSpecification","valueRequired":true,"valueName":"search_term_string"}}],"inLanguage":"pt-BR"},{"@type":"Organization","@id":"https:\/\/ahnsahnghong.com\/#organization","name":"World Mission Society Church of God - \ud558\ub098\ub2d8\uc758\uad50\ud68c \uc138\uacc4\ubcf5\uc74c\uc120\uad50\ud611\ud68c","url":"https:\/\/ahnsahnghong.com\/","logo":{"@type":"ImageObject","inLanguage":"pt-BR","@id":"https:\/\/ahnsahnghong.com\/#\/schema\/logo\/image\/","url":"https:\/\/ahnsahnghong.com\/wp-content\/uploads\/2021\/08\/WorldMissionSociety_ChurchofGod_Symbol_Logo.png","contentUrl":"https:\/\/ahnsahnghong.com\/wp-content\/uploads\/2021\/08\/WorldMissionSociety_ChurchofGod_Symbol_Logo.png","width":1001,"height":1331,"caption":"World Mission Society Church of God - \ud558\ub098\ub2d8\uc758\uad50\ud68c \uc138\uacc4\ubcf5\uc74c\uc120\uad50\ud611\ud68c"},"image":{"@id":"https:\/\/ahnsahnghong.com\/#\/schema\/logo\/image\/"},"sameAs":["https:\/\/www.youtube.com\/WMSCOGTV"]}]}},"_links":{"self":[{"href":"https:\/\/ahnsahnghong.com\/pt\/wp-json\/wp\/v2\/pages\/7642","targetHints":{"allow":["GET"]}}],"collection":[{"href":"https:\/\/ahnsahnghong.com\/pt\/wp-json\/wp\/v2\/pages"}],"about":[{"href":"https:\/\/ahnsahnghong.com\/pt\/wp-json\/wp\/v2\/types\/page"}],"author":[{"embeddable":true,"href":"https:\/\/ahnsahnghong.com\/pt\/wp-json\/wp\/v2\/users\/9"}],"replies":[{"embeddable":true,"href":"https:\/\/ahnsahnghong.com\/pt\/wp-json\/wp\/v2\/comments?post=7642"}],"version-history":[{"count":4,"href":"https:\/\/ahnsahnghong.com\/pt\/wp-json\/wp\/v2\/pages\/7642\/revisions"}],"predecessor-version":[{"id":8438,"href":"https:\/\/ahnsahnghong.com\/pt\/wp-json\/wp\/v2\/pages\/7642\/revisions\/8438"}],"wp:featuredmedia":[{"embeddable":true,"href":"https:\/\/ahnsahnghong.com\/pt\/wp-json\/wp\/v2\/media\/7285"}],"wp:attachment":[{"href":"https:\/\/ahnsahnghong.com\/pt\/wp-json\/wp\/v2\/media?parent=7642"}],"wp:term":[{"taxonomy":"post_tag","embeddable":true,"href":"https:\/\/ahnsahnghong.com\/pt\/wp-json\/wp\/v2\/tags?post=7642"}],"curies":[{"name":"wp","href":"https:\/\/api.w.org\/{rel}","templated":true}]}}