{"id":2906,"date":"2021-05-10T10:06:51","date_gmt":"2021-05-10T01:06:51","guid":{"rendered":"https:\/\/ahnsahnghong.com\/about\/"},"modified":"2022-04-06T11:51:13","modified_gmt":"2022-04-06T02:51:13","slug":"about","status":"publish","type":"page","link":"https:\/\/ahnsahnghong.com\/vi\/about\/","title":{"rendered":"Gi\u1edbi thi\u1ec7u"},"content":{"rendered":"","protected":false},"excerpt":{"rendered":"","protected":false},"author":9,"featured_media":2907,"parent":0,"menu_order":0,"comment_status":"closed","ping_status":"closed","template":"","meta":{"footnotes":""},"tags":[211],"class_list":["post-2906","page","type-page","status-publish","has-post-thumbnail","hentry","tag-ahnsahnghong-vi"],"yoast_head":"<!-- This site is optimized with the Yoast SEO plugin v25.0 - https:\/\/yoast.com\/wordpress\/plugins\/seo\/ -->\n<title>Gi\u1edbi thi\u1ec7u - \u0110\u1ea5ng Christ An Xang H\u1ed3ng<\/title>\n<meta name=\"description\" content=\"\u201c\u0110\u1ea5ng An Xang H\u1ed3ng (1918-1985) \u0111\u00e3 gi\u00e1ng sinh t\u1ea1i \u0110\u1ea1i H\u00e0n D\u00e2n Qu\u1ed1c v\u00e0o n\u0103m 1918, ch\u1ecbu ph\u00e9p B\u00e1pt\u00eam v\u00e0o n\u0103m 1948 v\u00e0 rao truy\u1ec1n giao \u01b0\u1edbc m\u1edbi trong v\u00f2ng 37 n\u0103m theo l\u1eddi ti\u00ean tri trong Kinh Th\u00e1nh.\u201d\" \/>\n<meta name=\"robots\" content=\"index, follow, max-snippet:-1, max-image-preview:large, max-video-preview:-1\" \/>\n<link rel=\"canonical\" href=\"https:\/\/ahnsahnghong.com\/vi\/about\/\" \/>\n<meta property=\"og:locale\" content=\"vi_VN\" \/>\n<meta property=\"og:type\" content=\"article\" \/>\n<meta property=\"og:title\" content=\"Gi\u1edbi thi\u1ec7u - \u0110\u1ea5ng Christ An Xang H\u1ed3ng\" \/>\n<meta property=\"og:description\" content=\"\u201c\u0110\u1ea5ng An Xang H\u1ed3ng (1918-1985) \u0111\u00e3 gi\u00e1ng sinh t\u1ea1i \u0110\u1ea1i H\u00e0n D\u00e2n Qu\u1ed1c v\u00e0o n\u0103m 1918, ch\u1ecbu ph\u00e9p B\u00e1pt\u00eam v\u00e0o n\u0103m 1948 v\u00e0 rao truy\u1ec1n giao \u01b0\u1edbc m\u1edbi trong v\u00f2ng 37 n\u0103m theo l\u1eddi ti\u00ean tri trong Kinh Th\u00e1nh.\u201d\" \/>\n<meta property=\"og:url\" content=\"https:\/\/ahnsahnghong.com\/vi\/about\/\" \/>\n<meta property=\"og:site_name\" content=\"\u0110\u1ea5ng Christ An Xang H\u1ed3ng\" \/>\n<meta property=\"article:modified_time\" content=\"2022-04-06T02:51:13+00:00\" \/>\n<meta property=\"og:image\" content=\"https:\/\/ahnsahnghong.com\/wp-content\/uploads\/2021\/08\/sns_thum_intro@2x.jpg\" \/>\n\t<meta property=\"og:image:width\" content=\"1200\" \/>\n\t<meta property=\"og:image:height\" content=\"630\" \/>\n\t<meta property=\"og:image:type\" content=\"image\/jpeg\" \/>\n<meta name=\"twitter:card\" content=\"summary_large_image\" \/>\n<meta name=\"twitter:title\" content=\"Gi\u1edbi thi\u1ec7u - \u0110\u1ea5ng Christ An Xang H\u1ed3ng\" \/>\n<meta name=\"twitter:description\" content=\"\u201c\u0110\u1ea5ng An Xang H\u1ed3ng (1918-1985) \u0111\u00e3 gi\u00e1ng sinh t\u1ea1i \u0110\u1ea1i H\u00e0n D\u00e2n Qu\u1ed1c v\u00e0o n\u0103m 1918, ch\u1ecbu ph\u00e9p B\u00e1pt\u00eam v\u00e0o n\u0103m 1948 v\u00e0 rao truy\u1ec1n giao \u01b0\u1edbc m\u1edbi trong v\u00f2ng 37 n\u0103m theo l\u1eddi ti\u00ean tri trong Kinh Th\u00e1nh.\u201d\" \/>\n<meta name=\"twitter:image\" content=\"https:\/\/ahnsahnghong.com\/wp-content\/uploads\/2021\/08\/sns_thum_intro@2x.jpg\" \/>\n<script type=\"application\/ld+json\" class=\"yoast-schema-graph\">{\"@context\":\"https:\/\/schema.org\",\"@graph\":[{\"@type\":\"WebPage\",\"@id\":\"https:\/\/ahnsahnghong.com\/vi\/about\/\",\"url\":\"https:\/\/ahnsahnghong.com\/vi\/about\/\",\"name\":\"Gi\u1edbi thi\u1ec7u - \u0110\u1ea5ng Christ An Xang H\u1ed3ng\",\"isPartOf\":{\"@id\":\"https:\/\/ahnsahnghong.com\/#website\"},\"primaryImageOfPage\":{\"@id\":\"https:\/\/ahnsahnghong.com\/vi\/about\/#primaryimage\"},\"image\":{\"@id\":\"https:\/\/ahnsahnghong.com\/vi\/about\/#primaryimage\"},\"thumbnailUrl\":\"https:\/\/ahnsahnghong.com\/wp-content\/uploads\/2021\/08\/sns_thum_intro@2x.jpg\",\"datePublished\":\"2021-05-10T01:06:51+00:00\",\"dateModified\":\"2022-04-06T02:51:13+00:00\",\"description\":\"\u201c\u0110\u1ea5ng An Xang H\u1ed3ng (1918-1985) \u0111\u00e3 gi\u00e1ng sinh t\u1ea1i \u0110\u1ea1i H\u00e0n D\u00e2n Qu\u1ed1c v\u00e0o n\u0103m 1918, ch\u1ecbu ph\u00e9p B\u00e1pt\u00eam v\u00e0o n\u0103m 1948 v\u00e0 rao truy\u1ec1n giao \u01b0\u1edbc m\u1edbi trong v\u00f2ng 37 n\u0103m theo l\u1eddi ti\u00ean tri trong Kinh Th\u00e1nh.\u201d\",\"breadcrumb\":{\"@id\":\"https:\/\/ahnsahnghong.com\/vi\/about\/#breadcrumb\"},\"inLanguage\":\"vi-VN\",\"potentialAction\":[{\"@type\":\"ReadAction\",\"target\":[\"https:\/\/ahnsahnghong.com\/vi\/about\/\"]}]},{\"@type\":\"ImageObject\",\"inLanguage\":\"vi-VN\",\"@id\":\"https:\/\/ahnsahnghong.com\/vi\/about\/#primaryimage\",\"url\":\"https:\/\/ahnsahnghong.com\/wp-content\/uploads\/2021\/08\/sns_thum_intro@2x.jpg\",\"contentUrl\":\"https:\/\/ahnsahnghong.com\/wp-content\/uploads\/2021\/08\/sns_thum_intro@2x.jpg\",\"width\":1200,\"height\":630},{\"@type\":\"BreadcrumbList\",\"@id\":\"https:\/\/ahnsahnghong.com\/vi\/about\/#breadcrumb\",\"itemListElement\":[{\"@type\":\"ListItem\",\"position\":1,\"name\":\"Home\",\"item\":\"https:\/\/ahnsahnghong.com\/vi\/\"},{\"@type\":\"ListItem\",\"position\":2,\"name\":\"Gi\u1edbi thi\u1ec7u\"}]},{\"@type\":\"WebSite\",\"@id\":\"https:\/\/ahnsahnghong.com\/#website\",\"url\":\"https:\/\/ahnsahnghong.com\/\",\"name\":\"\u0110\u1ea5ng Christ An Xang H\u1ed3ng\",\"description\":\"H\u1ed9i Th\u00e1nh c\u1ee7a \u0110\u1ee9c Ch\u00faa Tr\u1eddi Hi\u1ec7p H\u1ed9i Truy\u1ec1n Gi\u00e1o Tin L\u00e0nh Th\u1ebf Gi\u1edbi\",\"publisher\":{\"@id\":\"https:\/\/ahnsahnghong.com\/#organization\"},\"potentialAction\":[{\"@type\":\"SearchAction\",\"target\":{\"@type\":\"EntryPoint\",\"urlTemplate\":\"https:\/\/ahnsahnghong.com\/?s={search_term_string}\"},\"query-input\":{\"@type\":\"PropertyValueSpecification\",\"valueRequired\":true,\"valueName\":\"search_term_string\"}}],\"inLanguage\":\"vi-VN\"},{\"@type\":\"Organization\",\"@id\":\"https:\/\/ahnsahnghong.com\/#organization\",\"name\":\"World Mission Society Church of God - \ud558\ub098\ub2d8\uc758\uad50\ud68c \uc138\uacc4\ubcf5\uc74c\uc120\uad50\ud611\ud68c\",\"url\":\"https:\/\/ahnsahnghong.com\/\",\"logo\":{\"@type\":\"ImageObject\",\"inLanguage\":\"vi-VN\",\"@id\":\"https:\/\/ahnsahnghong.com\/#\/schema\/logo\/image\/\",\"url\":\"https:\/\/ahnsahnghong.com\/wp-content\/uploads\/2021\/08\/WorldMissionSociety_ChurchofGod_Symbol_Logo.png\",\"contentUrl\":\"https:\/\/ahnsahnghong.com\/wp-content\/uploads\/2021\/08\/WorldMissionSociety_ChurchofGod_Symbol_Logo.png\",\"width\":1001,\"height\":1331,\"caption\":\"World Mission Society Church of God - \ud558\ub098\ub2d8\uc758\uad50\ud68c \uc138\uacc4\ubcf5\uc74c\uc120\uad50\ud611\ud68c\"},\"image\":{\"@id\":\"https:\/\/ahnsahnghong.com\/#\/schema\/logo\/image\/\"},\"sameAs\":[\"https:\/\/www.youtube.com\/WMSCOGTV\"]}]}<\/script>\n<!-- \/ Yoast SEO plugin. -->","yoast_head_json":{"title":"Gi\u1edbi thi\u1ec7u - \u0110\u1ea5ng Christ An Xang H\u1ed3ng","description":"\u201c\u0110\u1ea5ng An Xang H\u1ed3ng (1918-1985) \u0111\u00e3 gi\u00e1ng sinh t\u1ea1i \u0110\u1ea1i H\u00e0n D\u00e2n Qu\u1ed1c v\u00e0o n\u0103m 1918, ch\u1ecbu ph\u00e9p B\u00e1pt\u00eam v\u00e0o n\u0103m 1948 v\u00e0 rao truy\u1ec1n giao \u01b0\u1edbc m\u1edbi trong v\u00f2ng 37 n\u0103m theo l\u1eddi ti\u00ean tri trong Kinh Th\u00e1nh.\u201d","robots":{"index":"index","follow":"follow","max-snippet":"max-snippet:-1","max-image-preview":"max-image-preview:large","max-video-preview":"max-video-preview:-1"},"canonical":"https:\/\/ahnsahnghong.com\/vi\/about\/","og_locale":"vi_VN","og_type":"article","og_title":"Gi\u1edbi thi\u1ec7u - \u0110\u1ea5ng Christ An Xang H\u1ed3ng","og_description":"\u201c\u0110\u1ea5ng An Xang H\u1ed3ng (1918-1985) \u0111\u00e3 gi\u00e1ng sinh t\u1ea1i \u0110\u1ea1i H\u00e0n D\u00e2n Qu\u1ed1c v\u00e0o n\u0103m 1918, ch\u1ecbu ph\u00e9p B\u00e1pt\u00eam v\u00e0o n\u0103m 1948 v\u00e0 rao truy\u1ec1n giao \u01b0\u1edbc m\u1edbi trong v\u00f2ng 37 n\u0103m theo l\u1eddi ti\u00ean tri trong Kinh Th\u00e1nh.\u201d","og_url":"https:\/\/ahnsahnghong.com\/vi\/about\/","og_site_name":"\u0110\u1ea5ng Christ An Xang H\u1ed3ng","article_modified_time":"2022-04-06T02:51:13+00:00","og_image":[{"width":1200,"height":630,"url":"https:\/\/ahnsahnghong.com\/wp-content\/uploads\/2021\/08\/sns_thum_intro@2x.jpg","type":"image\/jpeg"}],"twitter_card":"summary_large_image","twitter_title":"Gi\u1edbi thi\u1ec7u - \u0110\u1ea5ng Christ An Xang H\u1ed3ng","twitter_description":"\u201c\u0110\u1ea5ng An Xang H\u1ed3ng (1918-1985) \u0111\u00e3 gi\u00e1ng sinh t\u1ea1i \u0110\u1ea1i H\u00e0n D\u00e2n Qu\u1ed1c v\u00e0o n\u0103m 1918, ch\u1ecbu ph\u00e9p B\u00e1pt\u00eam v\u00e0o n\u0103m 1948 v\u00e0 rao truy\u1ec1n giao \u01b0\u1edbc m\u1edbi trong v\u00f2ng 37 n\u0103m theo l\u1eddi ti\u00ean tri trong Kinh Th\u00e1nh.\u201d","twitter_image":"https:\/\/ahnsahnghong.com\/wp-content\/uploads\/2021\/08\/sns_thum_intro@2x.jpg","schema":{"@context":"https:\/\/schema.org","@graph":[{"@type":"WebPage","@id":"https:\/\/ahnsahnghong.com\/vi\/about\/","url":"https:\/\/ahnsahnghong.com\/vi\/about\/","name":"Gi\u1edbi thi\u1ec7u - \u0110\u1ea5ng Christ An Xang H\u1ed3ng","isPartOf":{"@id":"https:\/\/ahnsahnghong.com\/#website"},"primaryImageOfPage":{"@id":"https:\/\/ahnsahnghong.com\/vi\/about\/#primaryimage"},"image":{"@id":"https:\/\/ahnsahnghong.com\/vi\/about\/#primaryimage"},"thumbnailUrl":"https:\/\/ahnsahnghong.com\/wp-content\/uploads\/2021\/08\/sns_thum_intro@2x.jpg","datePublished":"2021-05-10T01:06:51+00:00","dateModified":"2022-04-06T02:51:13+00:00","description":"\u201c\u0110\u1ea5ng An Xang H\u1ed3ng (1918-1985) \u0111\u00e3 gi\u00e1ng sinh t\u1ea1i \u0110\u1ea1i H\u00e0n D\u00e2n Qu\u1ed1c v\u00e0o n\u0103m 1918, ch\u1ecbu ph\u00e9p B\u00e1pt\u00eam v\u00e0o n\u0103m 1948 v\u00e0 rao truy\u1ec1n giao \u01b0\u1edbc m\u1edbi trong v\u00f2ng 37 n\u0103m theo l\u1eddi ti\u00ean tri trong Kinh Th\u00e1nh.\u201d","breadcrumb":{"@id":"https:\/\/ahnsahnghong.com\/vi\/about\/#breadcrumb"},"inLanguage":"vi-VN","potentialAction":[{"@type":"ReadAction","target":["https:\/\/ahnsahnghong.com\/vi\/about\/"]}]},{"@type":"ImageObject","inLanguage":"vi-VN","@id":"https:\/\/ahnsahnghong.com\/vi\/about\/#primaryimage","url":"https:\/\/ahnsahnghong.com\/wp-content\/uploads\/2021\/08\/sns_thum_intro@2x.jpg","contentUrl":"https:\/\/ahnsahnghong.com\/wp-content\/uploads\/2021\/08\/sns_thum_intro@2x.jpg","width":1200,"height":630},{"@type":"BreadcrumbList","@id":"https:\/\/ahnsahnghong.com\/vi\/about\/#breadcrumb","itemListElement":[{"@type":"ListItem","position":1,"name":"Home","item":"https:\/\/ahnsahnghong.com\/vi\/"},{"@type":"ListItem","position":2,"name":"Gi\u1edbi thi\u1ec7u"}]},{"@type":"WebSite","@id":"https:\/\/ahnsahnghong.com\/#website","url":"https:\/\/ahnsahnghong.com\/","name":"\u0110\u1ea5ng Christ An Xang H\u1ed3ng","description":"H\u1ed9i Th\u00e1nh c\u1ee7a \u0110\u1ee9c Ch\u00faa Tr\u1eddi Hi\u1ec7p H\u1ed9i Truy\u1ec1n Gi\u00e1o Tin L\u00e0nh Th\u1ebf Gi\u1edbi","publisher":{"@id":"https:\/\/ahnsahnghong.com\/#organization"},"potentialAction":[{"@type":"SearchAction","target":{"@type":"EntryPoint","urlTemplate":"https:\/\/ahnsahnghong.com\/?s={search_term_string}"},"query-input":{"@type":"PropertyValueSpecification","valueRequired":true,"valueName":"search_term_string"}}],"inLanguage":"vi-VN"},{"@type":"Organization","@id":"https:\/\/ahnsahnghong.com\/#organization","name":"World Mission Society Church of God - \ud558\ub098\ub2d8\uc758\uad50\ud68c \uc138\uacc4\ubcf5\uc74c\uc120\uad50\ud611\ud68c","url":"https:\/\/ahnsahnghong.com\/","logo":{"@type":"ImageObject","inLanguage":"vi-VN","@id":"https:\/\/ahnsahnghong.com\/#\/schema\/logo\/image\/","url":"https:\/\/ahnsahnghong.com\/wp-content\/uploads\/2021\/08\/WorldMissionSociety_ChurchofGod_Symbol_Logo.png","contentUrl":"https:\/\/ahnsahnghong.com\/wp-content\/uploads\/2021\/08\/WorldMissionSociety_ChurchofGod_Symbol_Logo.png","width":1001,"height":1331,"caption":"World Mission Society Church of God - \ud558\ub098\ub2d8\uc758\uad50\ud68c \uc138\uacc4\ubcf5\uc74c\uc120\uad50\ud611\ud68c"},"image":{"@id":"https:\/\/ahnsahnghong.com\/#\/schema\/logo\/image\/"},"sameAs":["https:\/\/www.youtube.com\/WMSCOGTV"]}]}},"_links":{"self":[{"href":"https:\/\/ahnsahnghong.com\/vi\/wp-json\/wp\/v2\/pages\/2906","targetHints":{"allow":["GET"]}}],"collection":[{"href":"https:\/\/ahnsahnghong.com\/vi\/wp-json\/wp\/v2\/pages"}],"about":[{"href":"https:\/\/ahnsahnghong.com\/vi\/wp-json\/wp\/v2\/types\/page"}],"author":[{"embeddable":true,"href":"https:\/\/ahnsahnghong.com\/vi\/wp-json\/wp\/v2\/users\/9"}],"replies":[{"embeddable":true,"href":"https:\/\/ahnsahnghong.com\/vi\/wp-json\/wp\/v2\/comments?post=2906"}],"version-history":[{"count":1,"href":"https:\/\/ahnsahnghong.com\/vi\/wp-json\/wp\/v2\/pages\/2906\/revisions"}],"predecessor-version":[{"id":2955,"href":"https:\/\/ahnsahnghong.com\/vi\/wp-json\/wp\/v2\/pages\/2906\/revisions\/2955"}],"wp:featuredmedia":[{"embeddable":true,"href":"https:\/\/ahnsahnghong.com\/vi\/wp-json\/wp\/v2\/media\/2907"}],"wp:attachment":[{"href":"https:\/\/ahnsahnghong.com\/vi\/wp-json\/wp\/v2\/media?parent=2906"}],"wp:term":[{"taxonomy":"post_tag","embeddable":true,"href":"https:\/\/ahnsahnghong.com\/vi\/wp-json\/wp\/v2\/tags?post=2906"}],"curies":[{"name":"wp","href":"https:\/\/api.w.org\/{rel}","templated":true}]}}