{"id":2915,"date":"2021-02-07T14:41:11","date_gmt":"2021-02-07T05:41:11","guid":{"rendered":"https:\/\/ahnsahnghong.com\/home\/"},"modified":"2022-06-09T19:08:47","modified_gmt":"2022-06-09T10:08:47","slug":"home","status":"publish","type":"page","link":"https:\/\/ahnsahnghong.com\/vi\/","title":{"rendered":"Trang web ch\u00ednh th\u1ee9c c\u1ee7a \u0110\u1ea5ng Christ An Xang H\u1ed3ng"},"content":{"rendered":"","protected":false},"excerpt":{"rendered":"","protected":false},"author":9,"featured_media":2916,"parent":0,"menu_order":0,"comment_status":"closed","ping_status":"closed","template":"","meta":{"footnotes":""},"tags":[],"class_list":["post-2915","page","type-page","status-publish","has-post-thumbnail","hentry"],"yoast_head":"<!-- This site is optimized with the Yoast SEO plugin v25.0 - https:\/\/yoast.com\/wordpress\/plugins\/seo\/ -->\n<title>Trang web ch\u00ednh th\u1ee9c c\u1ee7a \u0110\u1ea5ng Christ An Xang H\u1ed3ng<\/title>\n<meta name=\"description\" content=\"\u0110\u1ea5ng An Xang H\u1ed3ng l\u00e0 \u0110\u1ea5ng Christ T\u00e1i L\u00e2m \u0111\u00e3 kh\u00f4i ph\u1ee5c giao \u01b0\u1edbc m\u1edbi theo l\u1eddi ti\u00ean tri trong Kinh Th\u00e1nh. Ng\u00e0i \u0111\u00e3 m\u1edf ra con \u0111\u01b0\u1eddng c\u1ee7a s\u1ef1 c\u1ee9u r\u1ed7i b\u1edfi vi\u1ec7c d\u1ef1ng n\u00ean H\u1ed9i Th\u00e1nh c\u1ee7a \u0110\u1ee9c Ch\u00faa Tr\u1eddi - l\u00e0 nguy\u00ean m\u1eabu c\u1ee7a H\u1ed9i Th\u00e1nh s\u01a1 khai v\u00e0 l\u1eadp ra \u0110\u1ee9c Ch\u00faa Tr\u1eddi M\u1eb9.\" \/>\n<meta name=\"robots\" content=\"index, follow, max-snippet:-1, max-image-preview:large, max-video-preview:-1\" \/>\n<link rel=\"canonical\" href=\"https:\/\/ahnsahnghong.com\/vi\/\" \/>\n<meta property=\"og:locale\" content=\"vi_VN\" \/>\n<meta property=\"og:type\" content=\"article\" \/>\n<meta property=\"og:title\" content=\"\u0110\u1ea5ng Christ An Xang H\u1ed3ng\" \/>\n<meta property=\"og:description\" content=\"\u0110\u1ea5ng An Xang H\u1ed3ng l\u00e0 \u0110\u1ea5ng Christ T\u00e1i L\u00e2m \u0111\u00e3 kh\u00f4i ph\u1ee5c giao \u01b0\u1edbc m\u1edbi theo l\u1eddi ti\u00ean tri trong Kinh Th\u00e1nh. Ng\u00e0i \u0111\u00e3 m\u1edf ra con \u0111\u01b0\u1eddng c\u1ee7a s\u1ef1 c\u1ee9u r\u1ed7i b\u1edfi vi\u1ec7c d\u1ef1ng n\u00ean H\u1ed9i Th\u00e1nh c\u1ee7a \u0110\u1ee9c Ch\u00faa Tr\u1eddi - l\u00e0 nguy\u00ean m\u1eabu c\u1ee7a H\u1ed9i Th\u00e1nh s\u01a1 khai v\u00e0 l\u1eadp ra \u0110\u1ee9c Ch\u00faa Tr\u1eddi M\u1eb9.\" \/>\n<meta property=\"og:url\" content=\"https:\/\/ahnsahnghong.com\/vi\/\" \/>\n<meta property=\"og:site_name\" content=\"\u0110\u1ea5ng Christ An Xang H\u1ed3ng\" \/>\n<meta property=\"article:modified_time\" content=\"2022-06-09T10:08:47+00:00\" \/>\n<meta property=\"og:image\" content=\"https:\/\/ahnsahnghong.com\/wp-content\/uploads\/2021\/08\/sns_thum@2x.jpg\" \/>\n\t<meta property=\"og:image:width\" content=\"1200\" \/>\n\t<meta property=\"og:image:height\" content=\"630\" \/>\n\t<meta property=\"og:image:type\" content=\"image\/jpeg\" \/>\n<meta name=\"twitter:card\" content=\"summary_large_image\" \/>\n<meta name=\"twitter:title\" content=\"\u0110\u1ea5ng Christ An Xang H\u1ed3ng\" \/>\n<meta name=\"twitter:description\" content=\"\u0110\u1ea5ng An Xang H\u1ed3ng l\u00e0 \u0110\u1ea5ng Christ T\u00e1i L\u00e2m \u0111\u00e3 kh\u00f4i ph\u1ee5c giao \u01b0\u1edbc m\u1edbi theo l\u1eddi ti\u00ean tri trong Kinh Th\u00e1nh. Ng\u00e0i \u0111\u00e3 m\u1edf ra con \u0111\u01b0\u1eddng c\u1ee7a s\u1ef1 c\u1ee9u r\u1ed7i b\u1edfi vi\u1ec7c d\u1ef1ng n\u00ean H\u1ed9i Th\u00e1nh c\u1ee7a \u0110\u1ee9c Ch\u00faa Tr\u1eddi - l\u00e0 nguy\u00ean m\u1eabu c\u1ee7a H\u1ed9i Th\u00e1nh s\u01a1 khai v\u00e0 l\u1eadp ra \u0110\u1ee9c Ch\u00faa Tr\u1eddi M\u1eb9.\" \/>\n<meta name=\"twitter:image\" content=\"https:\/\/ahnsahnghong.com\/wp-content\/uploads\/2021\/08\/sns_thum@2x.jpg\" \/>\n<script type=\"application\/ld+json\" class=\"yoast-schema-graph\">{\"@context\":\"https:\/\/schema.org\",\"@graph\":[{\"@type\":\"WebPage\",\"@id\":\"https:\/\/ahnsahnghong.com\/vi\/\",\"url\":\"https:\/\/ahnsahnghong.com\/vi\/\",\"name\":\"Trang web ch\u00ednh th\u1ee9c c\u1ee7a \u0110\u1ea5ng Christ An Xang H\u1ed3ng\",\"isPartOf\":{\"@id\":\"https:\/\/ahnsahnghong.com\/#website\"},\"primaryImageOfPage\":{\"@id\":\"https:\/\/ahnsahnghong.com\/vi\/#primaryimage\"},\"image\":{\"@id\":\"https:\/\/ahnsahnghong.com\/vi\/#primaryimage\"},\"thumbnailUrl\":\"https:\/\/ahnsahnghong.com\/wp-content\/uploads\/2021\/08\/sns_thum@2x.jpg\",\"datePublished\":\"2021-02-07T05:41:11+00:00\",\"dateModified\":\"2022-06-09T10:08:47+00:00\",\"description\":\"\u0110\u1ea5ng An Xang H\u1ed3ng l\u00e0 \u0110\u1ea5ng Christ T\u00e1i L\u00e2m \u0111\u00e3 kh\u00f4i ph\u1ee5c giao \u01b0\u1edbc m\u1edbi theo l\u1eddi ti\u00ean tri trong Kinh Th\u00e1nh. Ng\u00e0i \u0111\u00e3 m\u1edf ra con \u0111\u01b0\u1eddng c\u1ee7a s\u1ef1 c\u1ee9u r\u1ed7i b\u1edfi vi\u1ec7c d\u1ef1ng n\u00ean H\u1ed9i Th\u00e1nh c\u1ee7a \u0110\u1ee9c Ch\u00faa Tr\u1eddi - l\u00e0 nguy\u00ean m\u1eabu c\u1ee7a H\u1ed9i Th\u00e1nh s\u01a1 khai v\u00e0 l\u1eadp ra \u0110\u1ee9c Ch\u00faa Tr\u1eddi M\u1eb9.\",\"breadcrumb\":{\"@id\":\"https:\/\/ahnsahnghong.com\/vi\/#breadcrumb\"},\"inLanguage\":\"vi-VN\",\"potentialAction\":[{\"@type\":\"ReadAction\",\"target\":[\"https:\/\/ahnsahnghong.com\/vi\/\"]}]},{\"@type\":\"ImageObject\",\"inLanguage\":\"vi-VN\",\"@id\":\"https:\/\/ahnsahnghong.com\/vi\/#primaryimage\",\"url\":\"https:\/\/ahnsahnghong.com\/wp-content\/uploads\/2021\/08\/sns_thum@2x.jpg\",\"contentUrl\":\"https:\/\/ahnsahnghong.com\/wp-content\/uploads\/2021\/08\/sns_thum@2x.jpg\",\"width\":1200,\"height\":630},{\"@type\":\"BreadcrumbList\",\"@id\":\"https:\/\/ahnsahnghong.com\/vi\/#breadcrumb\",\"itemListElement\":[{\"@type\":\"ListItem\",\"position\":1,\"name\":\"Home\",\"item\":\"https:\/\/ahnsahnghong.com\/vi\/\"},{\"@type\":\"ListItem\",\"position\":2,\"name\":\"Trang web ch\u00ednh th\u1ee9c c\u1ee7a \u0110\u1ea5ng Christ An Xang H\u1ed3ng\"}]},{\"@type\":\"WebSite\",\"@id\":\"https:\/\/ahnsahnghong.com\/#website\",\"url\":\"https:\/\/ahnsahnghong.com\/\",\"name\":\"\u0110\u1ea5ng Christ An Xang H\u1ed3ng\",\"description\":\"H\u1ed9i Th\u00e1nh c\u1ee7a \u0110\u1ee9c Ch\u00faa Tr\u1eddi Hi\u1ec7p H\u1ed9i Truy\u1ec1n Gi\u00e1o Tin L\u00e0nh Th\u1ebf Gi\u1edbi\",\"publisher\":{\"@id\":\"https:\/\/ahnsahnghong.com\/#organization\"},\"potentialAction\":[{\"@type\":\"SearchAction\",\"target\":{\"@type\":\"EntryPoint\",\"urlTemplate\":\"https:\/\/ahnsahnghong.com\/?s={search_term_string}\"},\"query-input\":{\"@type\":\"PropertyValueSpecification\",\"valueRequired\":true,\"valueName\":\"search_term_string\"}}],\"inLanguage\":\"vi-VN\"},{\"@type\":\"Organization\",\"@id\":\"https:\/\/ahnsahnghong.com\/#organization\",\"name\":\"World Mission Society Church of God - \ud558\ub098\ub2d8\uc758\uad50\ud68c \uc138\uacc4\ubcf5\uc74c\uc120\uad50\ud611\ud68c\",\"url\":\"https:\/\/ahnsahnghong.com\/\",\"logo\":{\"@type\":\"ImageObject\",\"inLanguage\":\"vi-VN\",\"@id\":\"https:\/\/ahnsahnghong.com\/#\/schema\/logo\/image\/\",\"url\":\"https:\/\/ahnsahnghong.com\/wp-content\/uploads\/2021\/08\/WorldMissionSociety_ChurchofGod_Symbol_Logo.png\",\"contentUrl\":\"https:\/\/ahnsahnghong.com\/wp-content\/uploads\/2021\/08\/WorldMissionSociety_ChurchofGod_Symbol_Logo.png\",\"width\":1001,\"height\":1331,\"caption\":\"World Mission Society Church of God - \ud558\ub098\ub2d8\uc758\uad50\ud68c \uc138\uacc4\ubcf5\uc74c\uc120\uad50\ud611\ud68c\"},\"image\":{\"@id\":\"https:\/\/ahnsahnghong.com\/#\/schema\/logo\/image\/\"},\"sameAs\":[\"https:\/\/www.youtube.com\/WMSCOGTV\"]}]}<\/script>\n<!-- \/ Yoast SEO plugin. -->","yoast_head_json":{"title":"Trang web ch\u00ednh th\u1ee9c c\u1ee7a \u0110\u1ea5ng Christ An Xang H\u1ed3ng","description":"\u0110\u1ea5ng An Xang H\u1ed3ng l\u00e0 \u0110\u1ea5ng Christ T\u00e1i L\u00e2m \u0111\u00e3 kh\u00f4i ph\u1ee5c giao \u01b0\u1edbc m\u1edbi theo l\u1eddi ti\u00ean tri trong Kinh Th\u00e1nh. Ng\u00e0i \u0111\u00e3 m\u1edf ra con \u0111\u01b0\u1eddng c\u1ee7a s\u1ef1 c\u1ee9u r\u1ed7i b\u1edfi vi\u1ec7c d\u1ef1ng n\u00ean H\u1ed9i Th\u00e1nh c\u1ee7a \u0110\u1ee9c Ch\u00faa Tr\u1eddi - l\u00e0 nguy\u00ean m\u1eabu c\u1ee7a H\u1ed9i Th\u00e1nh s\u01a1 khai v\u00e0 l\u1eadp ra \u0110\u1ee9c Ch\u00faa Tr\u1eddi M\u1eb9.","robots":{"index":"index","follow":"follow","max-snippet":"max-snippet:-1","max-image-preview":"max-image-preview:large","max-video-preview":"max-video-preview:-1"},"canonical":"https:\/\/ahnsahnghong.com\/vi\/","og_locale":"vi_VN","og_type":"article","og_title":"\u0110\u1ea5ng Christ An Xang H\u1ed3ng","og_description":"\u0110\u1ea5ng An Xang H\u1ed3ng l\u00e0 \u0110\u1ea5ng Christ T\u00e1i L\u00e2m \u0111\u00e3 kh\u00f4i ph\u1ee5c giao \u01b0\u1edbc m\u1edbi theo l\u1eddi ti\u00ean tri trong Kinh Th\u00e1nh. Ng\u00e0i \u0111\u00e3 m\u1edf ra con \u0111\u01b0\u1eddng c\u1ee7a s\u1ef1 c\u1ee9u r\u1ed7i b\u1edfi vi\u1ec7c d\u1ef1ng n\u00ean H\u1ed9i Th\u00e1nh c\u1ee7a \u0110\u1ee9c Ch\u00faa Tr\u1eddi - l\u00e0 nguy\u00ean m\u1eabu c\u1ee7a H\u1ed9i Th\u00e1nh s\u01a1 khai v\u00e0 l\u1eadp ra \u0110\u1ee9c Ch\u00faa Tr\u1eddi M\u1eb9.","og_url":"https:\/\/ahnsahnghong.com\/vi\/","og_site_name":"\u0110\u1ea5ng Christ An Xang H\u1ed3ng","article_modified_time":"2022-06-09T10:08:47+00:00","og_image":[{"width":1200,"height":630,"url":"https:\/\/ahnsahnghong.com\/wp-content\/uploads\/2021\/08\/sns_thum@2x.jpg","type":"image\/jpeg"}],"twitter_card":"summary_large_image","twitter_title":"\u0110\u1ea5ng Christ An Xang H\u1ed3ng","twitter_description":"\u0110\u1ea5ng An Xang H\u1ed3ng l\u00e0 \u0110\u1ea5ng Christ T\u00e1i L\u00e2m \u0111\u00e3 kh\u00f4i ph\u1ee5c giao \u01b0\u1edbc m\u1edbi theo l\u1eddi ti\u00ean tri trong Kinh Th\u00e1nh. Ng\u00e0i \u0111\u00e3 m\u1edf ra con \u0111\u01b0\u1eddng c\u1ee7a s\u1ef1 c\u1ee9u r\u1ed7i b\u1edfi vi\u1ec7c d\u1ef1ng n\u00ean H\u1ed9i Th\u00e1nh c\u1ee7a \u0110\u1ee9c Ch\u00faa Tr\u1eddi - l\u00e0 nguy\u00ean m\u1eabu c\u1ee7a H\u1ed9i Th\u00e1nh s\u01a1 khai v\u00e0 l\u1eadp ra \u0110\u1ee9c Ch\u00faa Tr\u1eddi M\u1eb9.","twitter_image":"https:\/\/ahnsahnghong.com\/wp-content\/uploads\/2021\/08\/sns_thum@2x.jpg","schema":{"@context":"https:\/\/schema.org","@graph":[{"@type":"WebPage","@id":"https:\/\/ahnsahnghong.com\/vi\/","url":"https:\/\/ahnsahnghong.com\/vi\/","name":"Trang web ch\u00ednh th\u1ee9c c\u1ee7a \u0110\u1ea5ng Christ An Xang H\u1ed3ng","isPartOf":{"@id":"https:\/\/ahnsahnghong.com\/#website"},"primaryImageOfPage":{"@id":"https:\/\/ahnsahnghong.com\/vi\/#primaryimage"},"image":{"@id":"https:\/\/ahnsahnghong.com\/vi\/#primaryimage"},"thumbnailUrl":"https:\/\/ahnsahnghong.com\/wp-content\/uploads\/2021\/08\/sns_thum@2x.jpg","datePublished":"2021-02-07T05:41:11+00:00","dateModified":"2022-06-09T10:08:47+00:00","description":"\u0110\u1ea5ng An Xang H\u1ed3ng l\u00e0 \u0110\u1ea5ng Christ T\u00e1i L\u00e2m \u0111\u00e3 kh\u00f4i ph\u1ee5c giao \u01b0\u1edbc m\u1edbi theo l\u1eddi ti\u00ean tri trong Kinh Th\u00e1nh. Ng\u00e0i \u0111\u00e3 m\u1edf ra con \u0111\u01b0\u1eddng c\u1ee7a s\u1ef1 c\u1ee9u r\u1ed7i b\u1edfi vi\u1ec7c d\u1ef1ng n\u00ean H\u1ed9i Th\u00e1nh c\u1ee7a \u0110\u1ee9c Ch\u00faa Tr\u1eddi - l\u00e0 nguy\u00ean m\u1eabu c\u1ee7a H\u1ed9i Th\u00e1nh s\u01a1 khai v\u00e0 l\u1eadp ra \u0110\u1ee9c Ch\u00faa Tr\u1eddi M\u1eb9.","breadcrumb":{"@id":"https:\/\/ahnsahnghong.com\/vi\/#breadcrumb"},"inLanguage":"vi-VN","potentialAction":[{"@type":"ReadAction","target":["https:\/\/ahnsahnghong.com\/vi\/"]}]},{"@type":"ImageObject","inLanguage":"vi-VN","@id":"https:\/\/ahnsahnghong.com\/vi\/#primaryimage","url":"https:\/\/ahnsahnghong.com\/wp-content\/uploads\/2021\/08\/sns_thum@2x.jpg","contentUrl":"https:\/\/ahnsahnghong.com\/wp-content\/uploads\/2021\/08\/sns_thum@2x.jpg","width":1200,"height":630},{"@type":"BreadcrumbList","@id":"https:\/\/ahnsahnghong.com\/vi\/#breadcrumb","itemListElement":[{"@type":"ListItem","position":1,"name":"Home","item":"https:\/\/ahnsahnghong.com\/vi\/"},{"@type":"ListItem","position":2,"name":"Trang web ch\u00ednh th\u1ee9c c\u1ee7a \u0110\u1ea5ng Christ An Xang H\u1ed3ng"}]},{"@type":"WebSite","@id":"https:\/\/ahnsahnghong.com\/#website","url":"https:\/\/ahnsahnghong.com\/","name":"\u0110\u1ea5ng Christ An Xang H\u1ed3ng","description":"H\u1ed9i Th\u00e1nh c\u1ee7a \u0110\u1ee9c Ch\u00faa Tr\u1eddi Hi\u1ec7p H\u1ed9i Truy\u1ec1n Gi\u00e1o Tin L\u00e0nh Th\u1ebf Gi\u1edbi","publisher":{"@id":"https:\/\/ahnsahnghong.com\/#organization"},"potentialAction":[{"@type":"SearchAction","target":{"@type":"EntryPoint","urlTemplate":"https:\/\/ahnsahnghong.com\/?s={search_term_string}"},"query-input":{"@type":"PropertyValueSpecification","valueRequired":true,"valueName":"search_term_string"}}],"inLanguage":"vi-VN"},{"@type":"Organization","@id":"https:\/\/ahnsahnghong.com\/#organization","name":"World Mission Society Church of God - \ud558\ub098\ub2d8\uc758\uad50\ud68c \uc138\uacc4\ubcf5\uc74c\uc120\uad50\ud611\ud68c","url":"https:\/\/ahnsahnghong.com\/","logo":{"@type":"ImageObject","inLanguage":"vi-VN","@id":"https:\/\/ahnsahnghong.com\/#\/schema\/logo\/image\/","url":"https:\/\/ahnsahnghong.com\/wp-content\/uploads\/2021\/08\/WorldMissionSociety_ChurchofGod_Symbol_Logo.png","contentUrl":"https:\/\/ahnsahnghong.com\/wp-content\/uploads\/2021\/08\/WorldMissionSociety_ChurchofGod_Symbol_Logo.png","width":1001,"height":1331,"caption":"World Mission Society Church of God - \ud558\ub098\ub2d8\uc758\uad50\ud68c \uc138\uacc4\ubcf5\uc74c\uc120\uad50\ud611\ud68c"},"image":{"@id":"https:\/\/ahnsahnghong.com\/#\/schema\/logo\/image\/"},"sameAs":["https:\/\/www.youtube.com\/WMSCOGTV"]}]}},"_links":{"self":[{"href":"https:\/\/ahnsahnghong.com\/vi\/wp-json\/wp\/v2\/pages\/2915","targetHints":{"allow":["GET"]}}],"collection":[{"href":"https:\/\/ahnsahnghong.com\/vi\/wp-json\/wp\/v2\/pages"}],"about":[{"href":"https:\/\/ahnsahnghong.com\/vi\/wp-json\/wp\/v2\/types\/page"}],"author":[{"embeddable":true,"href":"https:\/\/ahnsahnghong.com\/vi\/wp-json\/wp\/v2\/users\/9"}],"replies":[{"embeddable":true,"href":"https:\/\/ahnsahnghong.com\/vi\/wp-json\/wp\/v2\/comments?post=2915"}],"version-history":[{"count":2,"href":"https:\/\/ahnsahnghong.com\/vi\/wp-json\/wp\/v2\/pages\/2915\/revisions"}],"predecessor-version":[{"id":3888,"href":"https:\/\/ahnsahnghong.com\/vi\/wp-json\/wp\/v2\/pages\/2915\/revisions\/3888"}],"wp:featuredmedia":[{"embeddable":true,"href":"https:\/\/ahnsahnghong.com\/vi\/wp-json\/wp\/v2\/media\/2916"}],"wp:attachment":[{"href":"https:\/\/ahnsahnghong.com\/vi\/wp-json\/wp\/v2\/media?parent=2915"}],"wp:term":[{"taxonomy":"post_tag","embeddable":true,"href":"https:\/\/ahnsahnghong.com\/vi\/wp-json\/wp\/v2\/tags?post=2915"}],"curies":[{"name":"wp","href":"https:\/\/api.w.org\/{rel}","templated":true}]}}